{"id":8963,"date":"2022-02-02T16:33:13","date_gmt":"2022-02-02T16:33:13","guid":{"rendered":"https:\/\/shop.boho.md\/?page_id=8963"},"modified":"2022-02-02T16:41:39","modified_gmt":"2022-02-02T16:41:39","slug":"politica-de-prelucrare-a-datelor-cu-caracter-personal","status":"publish","type":"page","link":"https:\/\/boho.md\/ru\/politica-de-prelucrare-a-datelor-cu-caracter-personal\/","title":{"rendered":"POLITIC\u0102 DE PRELUCRARE A DATELOR CU CARACTER PERSONAL"},"content":{"rendered":"<p><strong>POLITIC\u0102 DE PRELUCRARE A DATELOR CU CARACTER PERSONAL<\/strong><\/p><p><strong>Identitatea operatorului de date personale<\/strong><\/p><p>Boho Style SRL (\u00een continuare \u201dBoho Styler\u201d sau \u201eOperator\u201d), IDNO: 1018600049146, sediul: mun. Chi\u0219in\u0103u, sec. Buiucani, str Calea Ie\u0219ilor 19, ap 54, \u00een persoana directorului Jeleascova Irina, prelucreaz\u0103 datele Dvs. cu caracter personal \u00een cadrul sistemului de eviden\u021b\u0103 \u201dClien\u021bi\u201d.<br><br><strong>Cadrul legal<\/strong><\/p><p>Datele personale colectate de la Dvs. se prelucreaz\u0103 \u00een conformitate cu prevederile Legii RM&nbsp; privind protec\u021bia datelor cu caracter personal \u0219i Legii 284\/2004 privind comer\u021bul electronic, precum \u0219i \u00een conformitate cu alte prevederi legale aplicabile, dar \u0219i condi\u021biile de prelucrare a datelor personale expuse \u00een prezenta politic\u0103 sau alte acte informative publicate pe site-ul respectiv.<\/p><p>Cump\u0103r\u0103torii au obliga\u021bia de a face cuno\u0219tin\u021b\u0103 cu prezenta politic\u0103 p\u00een\u0103 la plasarea comenzii, respective comunicarea datelor personale c\u0103tre operator. Astfel, prin aplicarea bifei pe site, \u00eenainte de a fi plasat\u0103 comanda, ace\u0219tia confirm c\u0103 au luat cuno\u0219tin\u021b\u0103 cu politic\u0103 data, precum \u0219i faptul c\u0103 sensul textului acesteia \u00eei este pe deplin \u00een\u021beles, fiind de acord cu condi\u021biile de prelucrare a datelor sale personale descrise \u00een aceasta.<\/p><p>\u00cen cazul modific\u0103rii politicii respective, acestea vor publicate pe site-ul dat<\/p><p><strong>Temeiul \u0219i scopul prelucr\u0103rii datelor personale<\/strong><\/p><p>Datele personale colectate prin intermediul site-ului respectiv, \u00een temeiului contractului de v\u00eenzare-cump\u0103rare sunt prelucrate pentru \u00eencheierea acestuia, comunicarea cu cump\u0103r\u0103torul, livrarea produselor achizi\u021bionate la adresa indicat\u0103 de acesta, precum \u0219i pentru realizarea altor obliga\u021bii care reies din rela\u021biile stabilite cu cump\u0103r\u0103torul\/poten\u021bialul cump\u0103r\u0103tor.<\/p><p>De asemenea, \u00een cazul oferii consim\u021b\u0103m\u00e2ntului, unele categorii de date (nume, prenume, adres\u0103 de e-mail, nr de telefon, alte canale de comunicare indicat\u0103 de cump\u0103r\u0103tor) pot fi prelucrate pentru transmiterea comunic\u0103rilor promo\u021bionale c\u0103tre acesta.<\/p><p><strong>Categoriile de date personale \u0219i modalitatea de prelucrare a acestora<\/strong><\/p><p>Pentru a putea prelucra \u0219i livra comenzile de produse plasate de cump\u0103r\u0103tor, vom solicita \u00eenainte de a plasa comanda comunicarea obligatorie a urm\u0103toarelor date personale: numele, prenumele, num\u0103r de telefon \u0219i e-mail.<\/p><p>Aceste date sunt necesare pentru a v\u0103 putea identifica \u0219i contacta, cu scopul de a confirma plasarea comenzii, con\u021binutului acesteia precum \u0219i clarificarea, \u00een caz de necesitate a aspectelor de livrare a produselor achizi\u021bionate.<\/p><p>Astfel, dup\u0103 plasarea comenzii, pe adresa de e-mail V\u0103 va fi transmis un mesaj cu un link de confirmare a comenzii, pe care va fi necesar s\u0103-l accesa\u021bi.<\/p><p>Dup\u0103 confirmarea comenzii, \u00een caz de necesitate, cum ar fi: imposibilitatea de livrare, inexisten\u021ba produselor comandate \u00een stoc, comunicarea unor date inexacte etc., pute\u021bi fi contactat telefonic pentru clarificarea aspectelor respective.<\/p><p>De asemenea, \u00een mod obligatoriu, vom solicita comunicarea adresei de livrare (localitate, strad\u0103, nr. cas\u0103\/bloc, nr. apartament), care \u00eempreun\u0103 cu numele, prenumele, nr. de telefon, vor fi transmise c\u0103tre curier, pentru efectuarea livr\u0103rii, precum \u0219i contactarea cump\u0103r\u0103torului \u00een momentul \u00een care curierul ajunge la adresa de livrare indicat\u0103 de acesta.<\/p><p>Unele categorii de date personale pot fi prelucrate pentru realizarea unor obliga\u021bii legale, prev\u0103zute de actele normative. \u00cen cazul \u00een care datele comunicate, sunt insuficiente pentru realizarea obliga\u021biilor respective, V\u0103 vom solicita date suplimentare, \u00een scopul realiz\u0103rii acestora.<\/p><p>Totodat\u0103, datele personale colectate prin intermediul cookie-urilor vor fi prelucrate, \u021bin\u00e2nd cont de interesul legitim al operatorului de a asigura buna func\u021bionare a site-ului \u0219i a func\u021biilor oferite de acesta, platformei, pentru a asigura protec\u021bia \u00eempotriva fraudelor, pentru statistici cu privire la vizitatori, pentru oferirea de experien\u021be de navigare, despre durata vizitei, anun\u021buri, produse accesate sau c\u0103utate, f\u0103r\u0103 a putea stabili identitatea Dvs., precum \u0219i. loca\u021bia dumneavoastr\u0103, dac\u0103 V\u0103 ve\u021bi oferi consim\u021b\u0103m\u00e2ntul \u00een acest sens.<\/p><p>\u00cens\u0103, \u00een momentul \u00een care se va selecta ca achitarea s\u0103 fie realizat\u0103 prin intermediul mijloacelor electronice (Paynet, etc.), datele introduse pentru efectuarea achit\u0103rii sunt colectate de c\u0103tre operatorii serviciilor respective de plat\u0103, f\u0103r\u0103 a fi colectate \u0219i stocate de c\u0103tre Boho Style SRL. Astfel, datele personale communicate \u00een acest scop vor fi prelucrate \u00een conformitate cu politicile operatorul serviciului de plat\u0103 selectat de c\u0103tre cump\u0103r\u0103tor.<\/p><p><strong>Termenul de p\u0103strare a datelor personale<\/strong><\/p><p>Datele personale prelucrate pentru realizarea obliga\u021biilor contractuale vor fi prelucrate \u0219i stocate p\u00een\u0103 la executarea integral\u0103 a obliga\u021biilor contractuale, dup\u0103 care acestea urmeaz\u0103 a fi transformate \u00een date statistice, \u00een a\u0219a mod \u00eenc\u00eet s\u0103 nu permit\u0103 identificarea cump\u0103r\u0103torului.<\/p><p>\u00cens\u0103, \u00een cazul \u00een care cump\u0103r\u0103torul \u00ee\u0219i exprim\u0103 consim\u021b\u0103m\u00e2ntul pentru transmiterea comunic\u0103rilor promo\u021bionale, datele personale necesare pentru realizarea scopului respectiv, vor fi stocate p\u00een\u0103 la retragerea consim\u021b\u0103m\u00e2ntului de c\u0103tre cump\u0103r\u0103tor.<\/p><p>Totodat\u0103, \u00een cazul \u00een care va exista o obliga\u021bie legal\u0103 sau un interes legitim al operatorului, termenele de stocare men\u021bionate mai sus, pot fi modificate.<\/p><p><strong>Divulgarea datelor personale<\/strong><\/p><p>Operatorul va divulga datele personale colectate (i) subiectului de date sau reprezentantului legal al acestuia, (ii) Autorit\u0103\u021bilor, institu\u021biilor de stat, \u00een cazul cererii motivate a acestora, precum \u0219i (iii) persoanelor \u00eemputernicite de c\u0103tre operator, sau altor ter\u021bi, \u00een conformitate cu prevederile legale, ce reglementeaz\u0103 domeniul protec\u021biei datelor cu caracter personal.<\/p><p><strong>Drepturile cump\u0103r\u0103torului \u00een calitate de subiect de date personale<\/strong><\/p><p>Suplimentar, v\u0103 inform\u0103m c\u0103 Dvs. dispune\u021bi de urm\u0103toarele drepturi prev\u0103zute de Legea privind protec\u021bia datelor cu caracter personal:<\/p><p><strong>Dreptul la informare,<\/strong> const\u0103 \u00een dreptul de a fi informat cu privire la identitatea operatorului, scopul \u00een care se face prelucrarea datelor, destinatarii sau categoriile de destinatari ai datelor, existen\u021ba drepturilor prev\u0103zute de Legea privind protec\u021bia datelor cu caracter personal, precum \u0219i condi\u021biile \u00een care pot fi exercitate.<\/p><p><strong>Dreptul de acces<\/strong> <strong>la date,<\/strong> const\u0103 \u00een dreptul de a ob\u021bine de la operator \u00een temeiul unei cereri, confirmarea\/infirmarea faptului dac\u0103 datele cu caracter personal care-l vizeaz\u0103 au fost sau nu prelucrate precum \u0219i a informa\u021biilor ce vizeaz\u0103 dreptul la informare.<\/p><p><strong>Dreptul de interven\u021bie<\/strong> const\u0103 \u00een dreptul de a ob\u021bine \u00een baza unei cereri, rectificarea, actualizarea, blocarea, \u0219tergerea sau transformarea \u00een date anonime a datelor a c\u0103ror prelucrare nu este conform\u0103 cu cerin\u021bele Legii privind protec\u021bia datelor cu caracter personal, \u00een special a datelor incomplete sau inexacte.<\/p><p><strong>Dreptul de opozi\u021bie<\/strong> const\u0103 \u00een dreptul de a se opune \u00een orice moment, din motive \u00eentemeiate \u0219i legitime legate de situa\u021bia sa particular\u0103, c\u0103 datele care \u00eel vizeaz\u0103 s\u0103 fac\u0103 obiectul unei prelucr\u0103ri, cu excep\u021bia cazurilor \u00een care exist\u0103 dispozi\u021bii legale care prev\u0103d altfel.<\/p><p><strong>Dreptul de a nu fi supus unei decizii individuale<\/strong>, const\u0103 \u00een dreptul de a cere \u0219i de a ob\u021bine retragerea, anularea sau reevaluarea oric\u0103rei decizii care produce efecte juridice \u00een privin\u021ba subiectului de date cu caracter personal, adoptat\u0103 exclusiv pe baza unei prelucr\u0103ri automatizate de date, destinat\u0103 s\u0103 evalueze unele aspecte ale personalit\u0103\u021bii sale, precum competen\u021ba profesional\u0103, credibilitatea, comportamentul ori alte asemenea aspecte.<\/p><p><strong>Dreptul la justi\u021bie,<\/strong> const\u0103 \u00een dreptul de a se adresa Centrului Na\u021bional pentru Protec\u021bia Datelor cu Caracter Personal sau instan\u021bei de judecat\u0103, pentru ap\u0103rarea oric\u0103ror drepturi garantate de Legea privind protec\u021bia datelor cu caracter personal.<\/p><p>Suplimentar drepturilor enun\u021bate, av\u00e2nd \u00een vedere aplicabilitatea Regulamentul General privind Protec\u021bia Datelor nr. 679\/2016 (GDPR) \u00een raport cu prelucrarea transfrontalier\u0103 a datelor cu caracter personal (serverul sistemului informa\u021bional fiind amplasat \u00een Germania), Dumneavoastr\u0103 dispune\u021bi de urm\u0103toarele drepturi:<\/p><p><strong>Dreptul de a cere restric\u021bionarea<\/strong> <strong>prelucr\u0103rii datelor<\/strong>, care const\u0103 \u00een posibilitatea solicit\u0103rii operatorului de date de a conserva (a p\u0103stra intact anumite categorii sau volum de date) pentru pentru perioada de timp care se justific\u0103 din punct de vedere a scopului dreptului vizat.<\/p><p><strong>Dreptul de a nu face parte la luarea deciziilor automatizate\/profilarea automat\u0103 \u2013 <\/strong>const\u0103 \u00een dreptul subiectului de date de a cere operatorului revizuirea procesului automatizat de prelucrarea datelor cu caracter personal \u00een vedere \u00eencet\u0103rii cre\u0103rii de profiluri sau a deciziilor automatizate.<\/p><p><strong>Responsabilul pentru protec\u021bia datelor cu caracter personal<\/strong><\/p><p>Operatorul a desemnat o persoan\u0103 responsabil\u0103 de asigurarea respect\u0103rii prevederilor legale, \u00een cadrul procesului de prelucrare a datelor personale, precum \u0219i de a asigura asisten\u021b\u0103 cump\u0103r\u0103torilor \u00een caz de necesitate, informare sau realizare a drepturilor acestuia \u00een calitate de subiect de date personale.<\/p><p>\u00cen acest sens, cump\u0103r\u0103torul dac\u0103 are care neclarit\u0103\u021bi, reclama\u021bii, preten\u021bii referitor la modul de prelucrare a datelor sale personale, acesta poate contacta responsabilul pentru protec\u021bia datelor cu caracter personal la adresa de e-mail: solara_sv@mail.ru.<\/p>","protected":false},"excerpt":{"rendered":"<p>POLITIC\u0102 DE PRELUCRARE A DATELOR CU CARACTER PERSONAL Identitatea operatorului de date personale Boho Style SRL (\u00een continuare \u201dBoho Styler\u201d sau \u201eOperator\u201d), IDNO: 1018600049146, sediul: mun. Chi\u0219in\u0103u, sec. Buiucani, str Calea Ie\u0219ilor 19, ap 54, \u00een persoana directorului Jeleascova Irina, prelucreaz\u0103 datele Dvs. cu caracter personal \u00een cadrul sistemului de eviden\u021b\u0103 \u201dClien\u021bi\u201d. Cadrul legal Datele [&hellip;]<\/p>\n","protected":false},"author":2,"featured_media":0,"parent":0,"menu_order":0,"comment_status":"closed","ping_status":"closed","template":"","meta":{"footnotes":""},"class_list":["post-8963","page","type-page","status-publish","hentry"],"yoast_head":"<!-- This site is optimized with the Yoast SEO plugin v27.4 - https:\/\/yoast.com\/product\/yoast-seo-wordpress\/ -->\n<title>POLITIC\u0102 DE PRELUCRARE A DATELOR CU CARACTER PERSONAL - Boho Flower shop<\/title>\n<meta name=\"robots\" content=\"index, follow, max-snippet:-1, max-image-preview:large, max-video-preview:-1\" \/>\n<link rel=\"canonical\" href=\"https:\/\/boho.md\/ru\/politica-de-prelucrare-a-datelor-cu-caracter-personal\/\" \/>\n<meta property=\"og:locale\" content=\"ru_RU\" \/>\n<meta property=\"og:type\" content=\"article\" \/>\n<meta property=\"og:title\" content=\"POLITIC\u0102 DE PRELUCRARE A DATELOR CU CARACTER PERSONAL - Boho Flower shop\" \/>\n<meta property=\"og:description\" content=\"POLITIC\u0102 DE PRELUCRARE A DATELOR CU CARACTER PERSONAL Identitatea operatorului de date personale Boho Style SRL (\u00een continuare \u201dBoho Styler\u201d sau \u201eOperator\u201d), IDNO: 1018600049146, sediul: mun. Chi\u0219in\u0103u, sec. Buiucani, str Calea Ie\u0219ilor 19, ap 54, \u00een persoana directorului Jeleascova Irina, prelucreaz\u0103 datele Dvs. cu caracter personal \u00een cadrul sistemului de eviden\u021b\u0103 \u201dClien\u021bi\u201d. Cadrul legal Datele [&hellip;]\" \/>\n<meta property=\"og:url\" content=\"https:\/\/boho.md\/ru\/politica-de-prelucrare-a-datelor-cu-caracter-personal\/\" \/>\n<meta property=\"og:site_name\" content=\"Boho Flower shop\" \/>\n<meta property=\"article:modified_time\" content=\"2022-02-02T16:41:39+00:00\" \/>\n<meta name=\"twitter:card\" content=\"summary_large_image\" \/>\n<meta name=\"twitter:label1\" content=\"\u041f\u0440\u0438\u043c\u0435\u0440\u043d\u043e\u0435 \u0432\u0440\u0435\u043c\u044f \u0434\u043b\u044f \u0447\u0442\u0435\u043d\u0438\u044f\" \/>\n\t<meta name=\"twitter:data1\" content=\"7 \u043c\u0438\u043d\u0443\u0442\" \/>\n<script type=\"application\/ld+json\" class=\"yoast-schema-graph\">{\"@context\":\"https:\\\/\\\/schema.org\",\"@graph\":[{\"@type\":\"WebPage\",\"@id\":\"https:\\\/\\\/boho.md\\\/ru\\\/politica-de-prelucrare-a-datelor-cu-caracter-personal\\\/\",\"url\":\"https:\\\/\\\/boho.md\\\/ru\\\/politica-de-prelucrare-a-datelor-cu-caracter-personal\\\/\",\"name\":\"POLITIC\u0102 DE PRELUCRARE A DATELOR CU CARACTER PERSONAL - Boho Flower shop\",\"isPartOf\":{\"@id\":\"https:\\\/\\\/boho.md\\\/#website\"},\"datePublished\":\"2022-02-02T16:33:13+00:00\",\"dateModified\":\"2022-02-02T16:41:39+00:00\",\"breadcrumb\":{\"@id\":\"https:\\\/\\\/boho.md\\\/ru\\\/politica-de-prelucrare-a-datelor-cu-caracter-personal\\\/#breadcrumb\"},\"inLanguage\":\"ru-RU\",\"potentialAction\":[{\"@type\":\"ReadAction\",\"target\":[\"https:\\\/\\\/boho.md\\\/ru\\\/politica-de-prelucrare-a-datelor-cu-caracter-personal\\\/\"]}]},{\"@type\":\"BreadcrumbList\",\"@id\":\"https:\\\/\\\/boho.md\\\/ru\\\/politica-de-prelucrare-a-datelor-cu-caracter-personal\\\/#breadcrumb\",\"itemListElement\":[{\"@type\":\"ListItem\",\"position\":1,\"name\":\"Prima pagin\u0103\",\"item\":\"https:\\\/\\\/boho.md\\\/\"},{\"@type\":\"ListItem\",\"position\":2,\"name\":\"POLITIC\u0102 DE PRELUCRARE A DATELOR CU CARACTER PERSONAL\"}]},{\"@type\":\"WebSite\",\"@id\":\"https:\\\/\\\/boho.md\\\/#website\",\"url\":\"https:\\\/\\\/boho.md\\\/\",\"name\":\"Boho Flower shop\",\"description\":\"Boho Flower shop\",\"publisher\":{\"@id\":\"https:\\\/\\\/boho.md\\\/#organization\"},\"potentialAction\":[{\"@type\":\"SearchAction\",\"target\":{\"@type\":\"EntryPoint\",\"urlTemplate\":\"https:\\\/\\\/boho.md\\\/?s={search_term_string}\"},\"query-input\":{\"@type\":\"PropertyValueSpecification\",\"valueRequired\":true,\"valueName\":\"search_term_string\"}}],\"inLanguage\":\"ru-RU\"},{\"@type\":\"Organization\",\"@id\":\"https:\\\/\\\/boho.md\\\/#organization\",\"name\":\"Boho Flower Shop\",\"url\":\"https:\\\/\\\/boho.md\\\/\",\"logo\":{\"@type\":\"ImageObject\",\"inLanguage\":\"ru-RU\",\"@id\":\"https:\\\/\\\/boho.md\\\/#\\\/schema\\\/logo\\\/image\\\/\",\"url\":\"https:\\\/\\\/shop.boho.md\\\/wp-content\\\/uploads\\\/2022\\\/01\\\/imageedit_3_6336759980.png\",\"contentUrl\":\"https:\\\/\\\/shop.boho.md\\\/wp-content\\\/uploads\\\/2022\\\/01\\\/imageedit_3_6336759980.png\",\"width\":497,\"height\":271,\"caption\":\"Boho Flower Shop\"},\"image\":{\"@id\":\"https:\\\/\\\/boho.md\\\/#\\\/schema\\\/logo\\\/image\\\/\"}}]}<\/script>\n<!-- \/ Yoast SEO plugin. -->","yoast_head_json":{"title":"POLITIC\u0102 DE PRELUCRARE A DATELOR CU CARACTER PERSONAL - Boho Flower shop","robots":{"index":"index","follow":"follow","max-snippet":"max-snippet:-1","max-image-preview":"max-image-preview:large","max-video-preview":"max-video-preview:-1"},"canonical":"https:\/\/boho.md\/ru\/politica-de-prelucrare-a-datelor-cu-caracter-personal\/","og_locale":"ru_RU","og_type":"article","og_title":"POLITIC\u0102 DE PRELUCRARE A DATELOR CU CARACTER PERSONAL - Boho Flower shop","og_description":"POLITIC\u0102 DE PRELUCRARE A DATELOR CU CARACTER PERSONAL Identitatea operatorului de date personale Boho Style SRL (\u00een continuare \u201dBoho Styler\u201d sau \u201eOperator\u201d), IDNO: 1018600049146, sediul: mun. Chi\u0219in\u0103u, sec. Buiucani, str Calea Ie\u0219ilor 19, ap 54, \u00een persoana directorului Jeleascova Irina, prelucreaz\u0103 datele Dvs. cu caracter personal \u00een cadrul sistemului de eviden\u021b\u0103 \u201dClien\u021bi\u201d. Cadrul legal Datele [&hellip;]","og_url":"https:\/\/boho.md\/ru\/politica-de-prelucrare-a-datelor-cu-caracter-personal\/","og_site_name":"Boho Flower shop","article_modified_time":"2022-02-02T16:41:39+00:00","twitter_card":"summary_large_image","twitter_misc":{"\u041f\u0440\u0438\u043c\u0435\u0440\u043d\u043e\u0435 \u0432\u0440\u0435\u043c\u044f \u0434\u043b\u044f \u0447\u0442\u0435\u043d\u0438\u044f":"7 \u043c\u0438\u043d\u0443\u0442"},"schema":{"@context":"https:\/\/schema.org","@graph":[{"@type":"WebPage","@id":"https:\/\/boho.md\/ru\/politica-de-prelucrare-a-datelor-cu-caracter-personal\/","url":"https:\/\/boho.md\/ru\/politica-de-prelucrare-a-datelor-cu-caracter-personal\/","name":"POLITIC\u0102 DE PRELUCRARE A DATELOR CU CARACTER PERSONAL - Boho Flower shop","isPartOf":{"@id":"https:\/\/boho.md\/#website"},"datePublished":"2022-02-02T16:33:13+00:00","dateModified":"2022-02-02T16:41:39+00:00","breadcrumb":{"@id":"https:\/\/boho.md\/ru\/politica-de-prelucrare-a-datelor-cu-caracter-personal\/#breadcrumb"},"inLanguage":"ru-RU","potentialAction":[{"@type":"ReadAction","target":["https:\/\/boho.md\/ru\/politica-de-prelucrare-a-datelor-cu-caracter-personal\/"]}]},{"@type":"BreadcrumbList","@id":"https:\/\/boho.md\/ru\/politica-de-prelucrare-a-datelor-cu-caracter-personal\/#breadcrumb","itemListElement":[{"@type":"ListItem","position":1,"name":"Prima pagin\u0103","item":"https:\/\/boho.md\/"},{"@type":"ListItem","position":2,"name":"POLITIC\u0102 DE PRELUCRARE A DATELOR CU CARACTER PERSONAL"}]},{"@type":"WebSite","@id":"https:\/\/boho.md\/#website","url":"https:\/\/boho.md\/","name":"Boho Flower shop","description":"Boho Flower shop","publisher":{"@id":"https:\/\/boho.md\/#organization"},"potentialAction":[{"@type":"SearchAction","target":{"@type":"EntryPoint","urlTemplate":"https:\/\/boho.md\/?s={search_term_string}"},"query-input":{"@type":"PropertyValueSpecification","valueRequired":true,"valueName":"search_term_string"}}],"inLanguage":"ru-RU"},{"@type":"Organization","@id":"https:\/\/boho.md\/#organization","name":"Boho Flower Shop","url":"https:\/\/boho.md\/","logo":{"@type":"ImageObject","inLanguage":"ru-RU","@id":"https:\/\/boho.md\/#\/schema\/logo\/image\/","url":"https:\/\/shop.boho.md\/wp-content\/uploads\/2022\/01\/imageedit_3_6336759980.png","contentUrl":"https:\/\/shop.boho.md\/wp-content\/uploads\/2022\/01\/imageedit_3_6336759980.png","width":497,"height":271,"caption":"Boho Flower Shop"},"image":{"@id":"https:\/\/boho.md\/#\/schema\/logo\/image\/"}}]}},"_links":{"self":[{"href":"https:\/\/boho.md\/ru\/wp-json\/wp\/v2\/pages\/8963","targetHints":{"allow":["GET"]}}],"collection":[{"href":"https:\/\/boho.md\/ru\/wp-json\/wp\/v2\/pages"}],"about":[{"href":"https:\/\/boho.md\/ru\/wp-json\/wp\/v2\/types\/page"}],"author":[{"embeddable":true,"href":"https:\/\/boho.md\/ru\/wp-json\/wp\/v2\/users\/2"}],"replies":[{"embeddable":true,"href":"https:\/\/boho.md\/ru\/wp-json\/wp\/v2\/comments?post=8963"}],"version-history":[{"count":2,"href":"https:\/\/boho.md\/ru\/wp-json\/wp\/v2\/pages\/8963\/revisions"}],"predecessor-version":[{"id":8965,"href":"https:\/\/boho.md\/ru\/wp-json\/wp\/v2\/pages\/8963\/revisions\/8965"}],"wp:attachment":[{"href":"https:\/\/boho.md\/ru\/wp-json\/wp\/v2\/media?parent=8963"}],"curies":[{"name":"wp","href":"https:\/\/api.w.org\/{rel}","templated":true}]}}