{"id":8970,"date":"2022-02-02T22:12:56","date_gmt":"2022-02-02T22:12:56","guid":{"rendered":"https:\/\/shop.boho.md\/?page_id=8970"},"modified":"2022-02-02T22:12:58","modified_gmt":"2022-02-02T22:12:58","slug":"livrare-si-achitare","status":"publish","type":"page","link":"https:\/\/boho.md\/ru\/livrare-si-achitare\/","title":{"rendered":"Livrare \u0219i achitare"},"content":{"rendered":"<p><strong>LIVRARE \u0218I ACHITARE<\/strong><strong><br><\/strong><strong><br><\/strong>Boho Style SRL v\u0103 ofer\u0103 posibilitatea de a comanda produsele Boho Style SRL on-line de pe site-ul nostru. Dup\u0103 plasarea \u0219i confirmarea comenzii online, curierul V\u0103 livreaz\u0103 cump\u0103r\u0103turile acas\u0103 (\u00een oficiu).<br><br><strong>Termeni \u015fi condi\u0163ii de livrare<\/strong><strong><br><\/strong><strong><br><\/strong>Produsele comandate vor fi livrate \u00een conformitate cu modalitatea \u0219i termenul de livrare agreat cu Dvs. \u00een momentul plas\u0103rii \u0219i confirm\u0103rii comenzii.<br><br>Dup\u0103 plasarea comenzii online v-e\u021bi primi un e-mail de confirmare a comenzii, iar ulterior v-e\u021bi fi contactat de c\u0103tre un operator pentru a stabili perioada de timp \u00een care urmeaz\u0103 a fi livrat\u0103 comanda plasat\u0103.<br><br>\u00cen cazul \u00een care datele de contact comunicate de c\u0103tre Dvs. nu sunt veridice, adic\u0103 care nu permit contactarea Dvs., comanda plasat\u0103 nu va fi confirmat\u0103 \u0219i respectiv va fi anulat\u0103.<br><br><strong>Livrare comenzilor<\/strong><strong><br><\/strong><strong> <\/strong><strong><br><\/strong><strong>or. Chi\u0219in\u0103u<\/strong><strong><br><\/strong>\u00cen Chi\u0219in\u0103u, precum \u0219i \u00een suburbiile ora\u0219ului livrarea se livreaz\u0103 \u00een 1-4 ore dup\u0103 achitarea acesteia.<strong><br><\/strong><strong><br><\/strong>\u25aa Livrarea se efectueaz\u0103 \u00eentre orele 07:00 \u2013 23:00<br>\u25aa Pre\u021bul pentru livrarea \u00een or. Chi\u0219in\u0103u \u2014 50 MDL &#8212; 100 MDL<br>\u25aa Primim comenzi online de pe site-ul non-stop, \u00een orice zi a s\u0103pt\u0103m\u00e2nii.<br>\u25aa \u00cen lipsa temporar\u0103 a m\u0103rfurilor \u00een depozitul nostru, precum \u0219i \u00een zilele de s\u0103rb\u0103toare, termenul de livrare poate fi prelungit.<br>Ve\u021bi fi notificat prin email \u0219i\/sau printr-un apel de c\u0103tre operatorii no\u0219tri, dac\u0103 termenul respectiv se va modifica sau vor ap\u0103rea alte impedimente, ce \u00eempiedic\u0103 executarea comenzii Dvs.<br>\u25aa Dac\u0103 valoarea comenzii este mai mare de 800 MDL, livrarea \u00een raza or. Chi\u0219in\u0103u se va realiza GRATUIT.<\/p><p><strong>Livrarea \u00een toat\u0103 Moldova<\/strong><strong><br><\/strong><strong>Comanda poate fi livrat\u0103 \u00een 12-24 ore dup\u0103 achitarea acesteia.<\/strong><strong><br><\/strong><strong><br><\/strong>&#8212; Pre\u021bul livr\u0103rii pute\u021bi calcula \u00een co\u0219.<\/p><p><strong>Alte Condi\u021biile livr\u0103rii<\/strong><br><br>\u00cen cazul lipsei destinatarului \u00een timpul livr\u0103rii curierul v-a a\u0219tepta 20 min.<br>\u00cen cazul livr\u0103rii repetate poate fi nevoie de plat\u0103 \u00een avans (de la costul serviciului livr\u0103rii p\u00e2n\u0103 la costul comenzii alese \u0219i serviciului livr\u0103rii). Livrarea la adresa de serviciu, comanda poate fi l\u0103sat\u0103 la recep\u021bie sau la colegi.<br><br><strong>Modalit\u0103\u021bi de plat\u0103<\/strong><strong><br><\/strong>Achitarea valorii comenzii poate fi efectuat\u0103 prin urm\u0103toarele modalit\u0103\u021bi:<br><br>\u25aa <strong>Plata \u00een numerar <\/strong><strong><br><\/strong>Achitarea \u00een numerar a valorii comenzii, se va face integral, \u00een lei, p\u00een\u0103 la predarea produselor, c\u0103tre curierul care a furnizat marfa.<br><br><strong>\u25aa Plata online <\/strong><strong><br><\/strong>Plata online prin intermediul mijloacelor electronice este foarte simpl\u0103, intuitiv\u0103 \u0219i rapid\u0103 pentru orice utilizator. Dup\u0103 confirmarea comenzii v-e\u0163i fi transferat la serverul sistemului Paynet, care asigur\u0103 siguran\u0163a pl\u0103\u0163ilor. Utilizatorul poate s\u0103 aleag\u0103 acea metod\u0103 de plat\u0103, care pentru el este mai comod\u0103 din diferite sisteme electronice de pl\u0103\u021bi, cum ar fi: (WebMoney, Qiwi, \u042f\u043d\u0434\u0435\u043a\u0441 \u0414\u0435\u043d\u044c\u0433\u0438, Wallet One, etc).<br><br>Dac\u0103 achitarea urmeaz\u0103 a fi efectuat\u0103 \u00een momentul livr\u0103rii, iar cump\u0103r\u0103torul refuz\u0103 achizi\u021bionarea produselor c\u00eend curierul ajunge la adresa de livrare, acesta va fi \u021binut s\u0103 achite valoarea serviciului de livrare \u2013 50 MDL.<br><br>Plasarea comenzii confirm\u0103 acordul irevocabil al cump\u0103r\u0103torului referitor la achitarea serviciului de livrare.<br><br>\u00cen cazul \u00een care achitarea s-a f\u0103cut prin mijloacele electronice, produsele se consider\u0103 a fi achizi\u021bionate, f\u0103r\u0103 a putea fi returnate.<br><br>\u00cen momentul ajungerii curierului la adresa de livrare, acesta V\u0103 va contacta telefonic, pentru a V\u0103 comunica acest fapt.<\/p><p>Cump\u0103r\u0103torul poate anula comanda plasat\u0103 sau modifica perioada de livrare, prin contactarea managerului nostru la nr. de telefon: 069263434, cu cel pu\u021bin 2 ore, \u00eenainte de ora la care urma a fi efectuat\u0103 livrarea.<br><br><strong>Returnarea produselor<\/strong><strong><br><\/strong>Cump\u0103r\u0103torul poate refuza recep\u021bionarea produselor \u00een cazul \u00een care observ\u0103 o neconformitate a acestora \u00een momentul \u00een care \u00eei sunt livrate.<\/p>","protected":false},"excerpt":{"rendered":"<p>LIVRARE \u0218I ACHITAREBoho Style SRL v\u0103 ofer\u0103 posibilitatea de a comanda produsele Boho Style SRL on-line de pe site-ul nostru. Dup\u0103 plasarea \u0219i confirmarea comenzii online, curierul V\u0103 livreaz\u0103 cump\u0103r\u0103turile acas\u0103 (\u00een oficiu). Termeni \u015fi condi\u0163ii de livrareProdusele comandate vor fi livrate \u00een conformitate cu modalitatea \u0219i termenul de livrare agreat cu Dvs. \u00een momentul [&hellip;]<\/p>\n","protected":false},"author":2,"featured_media":0,"parent":0,"menu_order":0,"comment_status":"closed","ping_status":"closed","template":"","meta":{"footnotes":""},"class_list":["post-8970","page","type-page","status-publish","hentry"],"yoast_head":"<!-- This site is optimized with the Yoast SEO plugin v27.4 - https:\/\/yoast.com\/product\/yoast-seo-wordpress\/ -->\n<title>Livrare \u0219i achitare - Boho Flower shop<\/title>\n<meta name=\"robots\" content=\"index, follow, max-snippet:-1, max-image-preview:large, max-video-preview:-1\" \/>\n<link rel=\"canonical\" href=\"https:\/\/boho.md\/ru\/livrare-si-achitare\/\" \/>\n<meta property=\"og:locale\" content=\"ru_RU\" \/>\n<meta property=\"og:type\" content=\"article\" \/>\n<meta property=\"og:title\" content=\"Livrare \u0219i achitare - Boho Flower shop\" \/>\n<meta property=\"og:description\" content=\"LIVRARE \u0218I ACHITAREBoho Style SRL v\u0103 ofer\u0103 posibilitatea de a comanda produsele Boho Style SRL on-line de pe site-ul nostru. Dup\u0103 plasarea \u0219i confirmarea comenzii online, curierul V\u0103 livreaz\u0103 cump\u0103r\u0103turile acas\u0103 (\u00een oficiu). Termeni \u015fi condi\u0163ii de livrareProdusele comandate vor fi livrate \u00een conformitate cu modalitatea \u0219i termenul de livrare agreat cu Dvs. \u00een momentul [&hellip;]\" \/>\n<meta property=\"og:url\" content=\"https:\/\/boho.md\/ru\/livrare-si-achitare\/\" \/>\n<meta property=\"og:site_name\" content=\"Boho Flower shop\" \/>\n<meta property=\"article:modified_time\" content=\"2022-02-02T22:12:58+00:00\" \/>\n<meta name=\"twitter:card\" content=\"summary_large_image\" \/>\n<meta name=\"twitter:label1\" content=\"\u041f\u0440\u0438\u043c\u0435\u0440\u043d\u043e\u0435 \u0432\u0440\u0435\u043c\u044f \u0434\u043b\u044f \u0447\u0442\u0435\u043d\u0438\u044f\" \/>\n\t<meta name=\"twitter:data1\" content=\"3 \u043c\u0438\u043d\u0443\u0442\u044b\" \/>\n<script type=\"application\/ld+json\" class=\"yoast-schema-graph\">{\"@context\":\"https:\\\/\\\/schema.org\",\"@graph\":[{\"@type\":\"WebPage\",\"@id\":\"https:\\\/\\\/boho.md\\\/ru\\\/livrare-si-achitare\\\/\",\"url\":\"https:\\\/\\\/boho.md\\\/ru\\\/livrare-si-achitare\\\/\",\"name\":\"Livrare \u0219i achitare - Boho Flower shop\",\"isPartOf\":{\"@id\":\"https:\\\/\\\/boho.md\\\/#website\"},\"datePublished\":\"2022-02-02T22:12:56+00:00\",\"dateModified\":\"2022-02-02T22:12:58+00:00\",\"breadcrumb\":{\"@id\":\"https:\\\/\\\/boho.md\\\/ru\\\/livrare-si-achitare\\\/#breadcrumb\"},\"inLanguage\":\"ru-RU\",\"potentialAction\":[{\"@type\":\"ReadAction\",\"target\":[\"https:\\\/\\\/boho.md\\\/ru\\\/livrare-si-achitare\\\/\"]}]},{\"@type\":\"BreadcrumbList\",\"@id\":\"https:\\\/\\\/boho.md\\\/ru\\\/livrare-si-achitare\\\/#breadcrumb\",\"itemListElement\":[{\"@type\":\"ListItem\",\"position\":1,\"name\":\"Prima pagin\u0103\",\"item\":\"https:\\\/\\\/boho.md\\\/\"},{\"@type\":\"ListItem\",\"position\":2,\"name\":\"Livrare \u0219i achitare\"}]},{\"@type\":\"WebSite\",\"@id\":\"https:\\\/\\\/boho.md\\\/#website\",\"url\":\"https:\\\/\\\/boho.md\\\/\",\"name\":\"Boho Flower shop\",\"description\":\"Boho Flower shop\",\"publisher\":{\"@id\":\"https:\\\/\\\/boho.md\\\/#organization\"},\"potentialAction\":[{\"@type\":\"SearchAction\",\"target\":{\"@type\":\"EntryPoint\",\"urlTemplate\":\"https:\\\/\\\/boho.md\\\/?s={search_term_string}\"},\"query-input\":{\"@type\":\"PropertyValueSpecification\",\"valueRequired\":true,\"valueName\":\"search_term_string\"}}],\"inLanguage\":\"ru-RU\"},{\"@type\":\"Organization\",\"@id\":\"https:\\\/\\\/boho.md\\\/#organization\",\"name\":\"Boho Flower Shop\",\"url\":\"https:\\\/\\\/boho.md\\\/\",\"logo\":{\"@type\":\"ImageObject\",\"inLanguage\":\"ru-RU\",\"@id\":\"https:\\\/\\\/boho.md\\\/#\\\/schema\\\/logo\\\/image\\\/\",\"url\":\"https:\\\/\\\/shop.boho.md\\\/wp-content\\\/uploads\\\/2022\\\/01\\\/imageedit_3_6336759980.png\",\"contentUrl\":\"https:\\\/\\\/shop.boho.md\\\/wp-content\\\/uploads\\\/2022\\\/01\\\/imageedit_3_6336759980.png\",\"width\":497,\"height\":271,\"caption\":\"Boho Flower Shop\"},\"image\":{\"@id\":\"https:\\\/\\\/boho.md\\\/#\\\/schema\\\/logo\\\/image\\\/\"}}]}<\/script>\n<!-- \/ Yoast SEO plugin. -->","yoast_head_json":{"title":"Livrare \u0219i achitare - Boho Flower shop","robots":{"index":"index","follow":"follow","max-snippet":"max-snippet:-1","max-image-preview":"max-image-preview:large","max-video-preview":"max-video-preview:-1"},"canonical":"https:\/\/boho.md\/ru\/livrare-si-achitare\/","og_locale":"ru_RU","og_type":"article","og_title":"Livrare \u0219i achitare - Boho Flower shop","og_description":"LIVRARE \u0218I ACHITAREBoho Style SRL v\u0103 ofer\u0103 posibilitatea de a comanda produsele Boho Style SRL on-line de pe site-ul nostru. Dup\u0103 plasarea \u0219i confirmarea comenzii online, curierul V\u0103 livreaz\u0103 cump\u0103r\u0103turile acas\u0103 (\u00een oficiu). Termeni \u015fi condi\u0163ii de livrareProdusele comandate vor fi livrate \u00een conformitate cu modalitatea \u0219i termenul de livrare agreat cu Dvs. \u00een momentul [&hellip;]","og_url":"https:\/\/boho.md\/ru\/livrare-si-achitare\/","og_site_name":"Boho Flower shop","article_modified_time":"2022-02-02T22:12:58+00:00","twitter_card":"summary_large_image","twitter_misc":{"\u041f\u0440\u0438\u043c\u0435\u0440\u043d\u043e\u0435 \u0432\u0440\u0435\u043c\u044f \u0434\u043b\u044f \u0447\u0442\u0435\u043d\u0438\u044f":"3 \u043c\u0438\u043d\u0443\u0442\u044b"},"schema":{"@context":"https:\/\/schema.org","@graph":[{"@type":"WebPage","@id":"https:\/\/boho.md\/ru\/livrare-si-achitare\/","url":"https:\/\/boho.md\/ru\/livrare-si-achitare\/","name":"Livrare \u0219i achitare - Boho Flower shop","isPartOf":{"@id":"https:\/\/boho.md\/#website"},"datePublished":"2022-02-02T22:12:56+00:00","dateModified":"2022-02-02T22:12:58+00:00","breadcrumb":{"@id":"https:\/\/boho.md\/ru\/livrare-si-achitare\/#breadcrumb"},"inLanguage":"ru-RU","potentialAction":[{"@type":"ReadAction","target":["https:\/\/boho.md\/ru\/livrare-si-achitare\/"]}]},{"@type":"BreadcrumbList","@id":"https:\/\/boho.md\/ru\/livrare-si-achitare\/#breadcrumb","itemListElement":[{"@type":"ListItem","position":1,"name":"Prima pagin\u0103","item":"https:\/\/boho.md\/"},{"@type":"ListItem","position":2,"name":"Livrare \u0219i achitare"}]},{"@type":"WebSite","@id":"https:\/\/boho.md\/#website","url":"https:\/\/boho.md\/","name":"Boho Flower shop","description":"Boho Flower shop","publisher":{"@id":"https:\/\/boho.md\/#organization"},"potentialAction":[{"@type":"SearchAction","target":{"@type":"EntryPoint","urlTemplate":"https:\/\/boho.md\/?s={search_term_string}"},"query-input":{"@type":"PropertyValueSpecification","valueRequired":true,"valueName":"search_term_string"}}],"inLanguage":"ru-RU"},{"@type":"Organization","@id":"https:\/\/boho.md\/#organization","name":"Boho Flower Shop","url":"https:\/\/boho.md\/","logo":{"@type":"ImageObject","inLanguage":"ru-RU","@id":"https:\/\/boho.md\/#\/schema\/logo\/image\/","url":"https:\/\/shop.boho.md\/wp-content\/uploads\/2022\/01\/imageedit_3_6336759980.png","contentUrl":"https:\/\/shop.boho.md\/wp-content\/uploads\/2022\/01\/imageedit_3_6336759980.png","width":497,"height":271,"caption":"Boho Flower Shop"},"image":{"@id":"https:\/\/boho.md\/#\/schema\/logo\/image\/"}}]}},"_links":{"self":[{"href":"https:\/\/boho.md\/ru\/wp-json\/wp\/v2\/pages\/8970","targetHints":{"allow":["GET"]}}],"collection":[{"href":"https:\/\/boho.md\/ru\/wp-json\/wp\/v2\/pages"}],"about":[{"href":"https:\/\/boho.md\/ru\/wp-json\/wp\/v2\/types\/page"}],"author":[{"embeddable":true,"href":"https:\/\/boho.md\/ru\/wp-json\/wp\/v2\/users\/2"}],"replies":[{"embeddable":true,"href":"https:\/\/boho.md\/ru\/wp-json\/wp\/v2\/comments?post=8970"}],"version-history":[{"count":1,"href":"https:\/\/boho.md\/ru\/wp-json\/wp\/v2\/pages\/8970\/revisions"}],"predecessor-version":[{"id":8971,"href":"https:\/\/boho.md\/ru\/wp-json\/wp\/v2\/pages\/8970\/revisions\/8971"}],"wp:attachment":[{"href":"https:\/\/boho.md\/ru\/wp-json\/wp\/v2\/media?parent=8970"}],"curies":[{"name":"wp","href":"https:\/\/api.w.org\/{rel}","templated":true}]}}