{"id":7608,"date":"2021-11-02T17:49:53","date_gmt":"2021-11-02T17:49:53","guid":{"rendered":"https:\/\/shop.boho.md\/product\/15-red-roses\/"},"modified":"2022-01-31T20:44:28","modified_gmt":"2022-01-31T20:44:28","slug":"15-red-roses","status":"publish","type":"product","link":"https:\/\/boho.md\/ru\/product\/15-red-roses\/","title":{"rendered":"Buchet de Trandafiri ro\u015fii 15 buc."},"content":{"rendered":"","protected":false},"excerpt":{"rendered":"<p><em>Descriere: Un buchet superb cu trandafiri ro\u0219ii 15 buc.<\/em><\/p>\n<p><em>Am preg\u0103tit o cole\u021bie unic\u0103 de buchete \u0219i compozi\u021bii florale str\u00e2duindune s\u0103 p\u0103str\u0103m frumuse\u021bea \u0219i fine\u021bea florilor dat\u0103 de natur\u0103. Unele flori din buchet sunt de sezon \u00eens\u0103 pot fi \u00eenlocuite cu altele similare la discre\u021bia clientului. Schema de culori a compozi\u021bie florale r\u0103m\u00eene aceeasi!<\/em><\/p>\n","protected":false},"featured_media":8743,"template":"","meta":[],"product_cat":[113],"product_tag":[],"class_list":{"0":"post-7608","1":"product","2":"type-product","3":"status-publish","4":"has-post-thumbnail","6":"product_cat-monobuchete","7":"pa_bouquets-type-monobouquets-ro","8":"pa_for-who-for-your-mother-ro","9":"pa_for-who-for-the-beloved-ro","10":"pa_for-who-universal-ro","11":"pa_motives-14th-of-february-ro","12":"pa_motives-8th-of-march-ro","13":"pa_motives-love-ro","14":"pa_motives-with-no-reason-ro","15":"pa_motives-ongratulations-ro","16":"pa_motives-all-ro","18":"first","19":"instock","20":"shipping-taxable","21":"purchasable","22":"product-type-simple"},"yoast_head":"<!-- This site is optimized with the Yoast SEO plugin v27.4 - https:\/\/yoast.com\/product\/yoast-seo-wordpress\/ -->\n<title>Buchet de Trandafiri ro\u015fii 15 buc. - Boho Flower shop<\/title>\n<meta name=\"description\" content=\"\u041f\u043e\u0440\u0430\u0434\u0443\u0439 \u0434\u043e\u0440\u043e\u0433\u043e\u0433\u043e \u0442\u0435\u0431\u0435 \u0447\u0435\u043b\u043e\u0432\u0435\u043a\u0430 \u043f\u043e\u0434\u0430\u0440\u043a\u043e\u043c, \u043a\u043e\u0442\u043e\u0440\u044b\u0439 \u0441\u043e\u0433\u0440\u0435\u0435\u0442 \u0435\u0433\u043e \u0441\u0435\u0440\u0434\u0446\u0435!\" \/>\n<meta name=\"robots\" content=\"index, follow, max-snippet:-1, max-image-preview:large, max-video-preview:-1\" \/>\n<link rel=\"canonical\" href=\"https:\/\/boho.md\/product\/15-red-roses\/\" \/>\n<meta property=\"og:locale\" content=\"ru_RU\" \/>\n<meta property=\"og:type\" content=\"article\" \/>\n<meta property=\"og:title\" content=\"Buchet de Trandafiri ro\u015fii 15 buc. - Boho Flower shop\" \/>\n<meta property=\"og:description\" content=\"\u041f\u043e\u0440\u0430\u0434\u0443\u0439 \u0434\u043e\u0440\u043e\u0433\u043e\u0433\u043e \u0442\u0435\u0431\u0435 \u0447\u0435\u043b\u043e\u0432\u0435\u043a\u0430 \u043f\u043e\u0434\u0430\u0440\u043a\u043e\u043c, \u043a\u043e\u0442\u043e\u0440\u044b\u0439 \u0441\u043e\u0433\u0440\u0435\u0435\u0442 \u0435\u0433\u043e \u0441\u0435\u0440\u0434\u0446\u0435!\" \/>\n<meta property=\"og:url\" content=\"https:\/\/boho.md\/product\/15-red-roses\/\" \/>\n<meta property=\"og:site_name\" content=\"Boho Flower shop\" \/>\n<meta property=\"article:modified_time\" content=\"2022-01-31T20:44:28+00:00\" \/>\n<meta property=\"og:image\" content=\"https:\/\/boho.md\/wp-content\/uploads\/2021\/11\/704fc4d8d2e08454ea1d11dbb28eacee-1.jpeg\" \/>\n\t<meta property=\"og:image:width\" content=\"623\" \/>\n\t<meta property=\"og:image:height\" content=\"623\" \/>\n\t<meta property=\"og:image:type\" content=\"image\/jpeg\" \/>\n<meta name=\"twitter:card\" content=\"summary_large_image\" \/>\n<script type=\"application\/ld+json\" class=\"yoast-schema-graph\">{\"@context\":\"https:\\\/\\\/schema.org\",\"@graph\":[{\"@type\":\"WebPage\",\"@id\":\"https:\\\/\\\/boho.md\\\/product\\\/15-red-roses\\\/\",\"url\":\"https:\\\/\\\/boho.md\\\/product\\\/15-red-roses\\\/\",\"name\":\"Buchet de Trandafiri ro\u015fii 15 buc. - Boho Flower shop\",\"isPartOf\":{\"@id\":\"https:\\\/\\\/boho.md\\\/#website\"},\"primaryImageOfPage\":{\"@id\":\"https:\\\/\\\/boho.md\\\/product\\\/15-red-roses\\\/#primaryimage\"},\"image\":{\"@id\":\"https:\\\/\\\/boho.md\\\/product\\\/15-red-roses\\\/#primaryimage\"},\"thumbnailUrl\":\"https:\\\/\\\/boho.md\\\/wp-content\\\/uploads\\\/2021\\\/11\\\/704fc4d8d2e08454ea1d11dbb28eacee-1.jpeg\",\"datePublished\":\"2021-11-02T17:49:53+00:00\",\"dateModified\":\"2022-01-31T20:44:28+00:00\",\"description\":\"\u041f\u043e\u0440\u0430\u0434\u0443\u0439 \u0434\u043e\u0440\u043e\u0433\u043e\u0433\u043e \u0442\u0435\u0431\u0435 \u0447\u0435\u043b\u043e\u0432\u0435\u043a\u0430 \u043f\u043e\u0434\u0430\u0440\u043a\u043e\u043c, \u043a\u043e\u0442\u043e\u0440\u044b\u0439 \u0441\u043e\u0433\u0440\u0435\u0435\u0442 \u0435\u0433\u043e \u0441\u0435\u0440\u0434\u0446\u0435!\",\"breadcrumb\":{\"@id\":\"https:\\\/\\\/boho.md\\\/product\\\/15-red-roses\\\/#breadcrumb\"},\"inLanguage\":\"ru-RU\",\"potentialAction\":[{\"@type\":\"ReadAction\",\"target\":[\"https:\\\/\\\/boho.md\\\/product\\\/15-red-roses\\\/\"]}]},{\"@type\":\"ImageObject\",\"inLanguage\":\"ru-RU\",\"@id\":\"https:\\\/\\\/boho.md\\\/product\\\/15-red-roses\\\/#primaryimage\",\"url\":\"https:\\\/\\\/boho.md\\\/wp-content\\\/uploads\\\/2021\\\/11\\\/704fc4d8d2e08454ea1d11dbb28eacee-1.jpeg\",\"contentUrl\":\"https:\\\/\\\/boho.md\\\/wp-content\\\/uploads\\\/2021\\\/11\\\/704fc4d8d2e08454ea1d11dbb28eacee-1.jpeg\",\"width\":623,\"height\":623},{\"@type\":\"BreadcrumbList\",\"@id\":\"https:\\\/\\\/boho.md\\\/product\\\/15-red-roses\\\/#breadcrumb\",\"itemListElement\":[{\"@type\":\"ListItem\",\"position\":1,\"name\":\"Prima pagin\u0103\",\"item\":\"https:\\\/\\\/boho.md\\\/\"},{\"@type\":\"ListItem\",\"position\":2,\"name\":\"\u041c\u0430\u0433\u0430\u0437\u0438\u043d\",\"item\":\"https:\\\/\\\/boho.md\\\/ru\\\/shop\\\/\"},{\"@type\":\"ListItem\",\"position\":3,\"name\":\"Buchet de Trandafiri ro\u015fii 15 buc.\"}]},{\"@type\":\"WebSite\",\"@id\":\"https:\\\/\\\/boho.md\\\/#website\",\"url\":\"https:\\\/\\\/boho.md\\\/\",\"name\":\"Boho Flower shop\",\"description\":\"Boho Flower shop\",\"publisher\":{\"@id\":\"https:\\\/\\\/boho.md\\\/#organization\"},\"potentialAction\":[{\"@type\":\"SearchAction\",\"target\":{\"@type\":\"EntryPoint\",\"urlTemplate\":\"https:\\\/\\\/boho.md\\\/?s={search_term_string}\"},\"query-input\":{\"@type\":\"PropertyValueSpecification\",\"valueRequired\":true,\"valueName\":\"search_term_string\"}}],\"inLanguage\":\"ru-RU\"},{\"@type\":\"Organization\",\"@id\":\"https:\\\/\\\/boho.md\\\/#organization\",\"name\":\"Boho Flower Shop\",\"url\":\"https:\\\/\\\/boho.md\\\/\",\"logo\":{\"@type\":\"ImageObject\",\"inLanguage\":\"ru-RU\",\"@id\":\"https:\\\/\\\/boho.md\\\/#\\\/schema\\\/logo\\\/image\\\/\",\"url\":\"https:\\\/\\\/shop.boho.md\\\/wp-content\\\/uploads\\\/2022\\\/01\\\/imageedit_3_6336759980.png\",\"contentUrl\":\"https:\\\/\\\/shop.boho.md\\\/wp-content\\\/uploads\\\/2022\\\/01\\\/imageedit_3_6336759980.png\",\"width\":497,\"height\":271,\"caption\":\"Boho Flower Shop\"},\"image\":{\"@id\":\"https:\\\/\\\/boho.md\\\/#\\\/schema\\\/logo\\\/image\\\/\"}}]}<\/script>\n<!-- \/ Yoast SEO plugin. -->","yoast_head_json":{"title":"Buchet de Trandafiri ro\u015fii 15 buc. - Boho Flower shop","description":"\u041f\u043e\u0440\u0430\u0434\u0443\u0439 \u0434\u043e\u0440\u043e\u0433\u043e\u0433\u043e \u0442\u0435\u0431\u0435 \u0447\u0435\u043b\u043e\u0432\u0435\u043a\u0430 \u043f\u043e\u0434\u0430\u0440\u043a\u043e\u043c, \u043a\u043e\u0442\u043e\u0440\u044b\u0439 \u0441\u043e\u0433\u0440\u0435\u0435\u0442 \u0435\u0433\u043e \u0441\u0435\u0440\u0434\u0446\u0435!","robots":{"index":"index","follow":"follow","max-snippet":"max-snippet:-1","max-image-preview":"max-image-preview:large","max-video-preview":"max-video-preview:-1"},"canonical":"https:\/\/boho.md\/product\/15-red-roses\/","og_locale":"ru_RU","og_type":"article","og_title":"Buchet de Trandafiri ro\u015fii 15 buc. - Boho Flower shop","og_description":"\u041f\u043e\u0440\u0430\u0434\u0443\u0439 \u0434\u043e\u0440\u043e\u0433\u043e\u0433\u043e \u0442\u0435\u0431\u0435 \u0447\u0435\u043b\u043e\u0432\u0435\u043a\u0430 \u043f\u043e\u0434\u0430\u0440\u043a\u043e\u043c, \u043a\u043e\u0442\u043e\u0440\u044b\u0439 \u0441\u043e\u0433\u0440\u0435\u0435\u0442 \u0435\u0433\u043e \u0441\u0435\u0440\u0434\u0446\u0435!","og_url":"https:\/\/boho.md\/product\/15-red-roses\/","og_site_name":"Boho Flower shop","article_modified_time":"2022-01-31T20:44:28+00:00","og_image":[{"width":623,"height":623,"url":"https:\/\/boho.md\/wp-content\/uploads\/2021\/11\/704fc4d8d2e08454ea1d11dbb28eacee-1.jpeg","type":"image\/jpeg"}],"twitter_card":"summary_large_image","schema":{"@context":"https:\/\/schema.org","@graph":[{"@type":"WebPage","@id":"https:\/\/boho.md\/product\/15-red-roses\/","url":"https:\/\/boho.md\/product\/15-red-roses\/","name":"Buchet de Trandafiri ro\u015fii 15 buc. - Boho Flower shop","isPartOf":{"@id":"https:\/\/boho.md\/#website"},"primaryImageOfPage":{"@id":"https:\/\/boho.md\/product\/15-red-roses\/#primaryimage"},"image":{"@id":"https:\/\/boho.md\/product\/15-red-roses\/#primaryimage"},"thumbnailUrl":"https:\/\/boho.md\/wp-content\/uploads\/2021\/11\/704fc4d8d2e08454ea1d11dbb28eacee-1.jpeg","datePublished":"2021-11-02T17:49:53+00:00","dateModified":"2022-01-31T20:44:28+00:00","description":"\u041f\u043e\u0440\u0430\u0434\u0443\u0439 \u0434\u043e\u0440\u043e\u0433\u043e\u0433\u043e \u0442\u0435\u0431\u0435 \u0447\u0435\u043b\u043e\u0432\u0435\u043a\u0430 \u043f\u043e\u0434\u0430\u0440\u043a\u043e\u043c, \u043a\u043e\u0442\u043e\u0440\u044b\u0439 \u0441\u043e\u0433\u0440\u0435\u0435\u0442 \u0435\u0433\u043e \u0441\u0435\u0440\u0434\u0446\u0435!","breadcrumb":{"@id":"https:\/\/boho.md\/product\/15-red-roses\/#breadcrumb"},"inLanguage":"ru-RU","potentialAction":[{"@type":"ReadAction","target":["https:\/\/boho.md\/product\/15-red-roses\/"]}]},{"@type":"ImageObject","inLanguage":"ru-RU","@id":"https:\/\/boho.md\/product\/15-red-roses\/#primaryimage","url":"https:\/\/boho.md\/wp-content\/uploads\/2021\/11\/704fc4d8d2e08454ea1d11dbb28eacee-1.jpeg","contentUrl":"https:\/\/boho.md\/wp-content\/uploads\/2021\/11\/704fc4d8d2e08454ea1d11dbb28eacee-1.jpeg","width":623,"height":623},{"@type":"BreadcrumbList","@id":"https:\/\/boho.md\/product\/15-red-roses\/#breadcrumb","itemListElement":[{"@type":"ListItem","position":1,"name":"Prima pagin\u0103","item":"https:\/\/boho.md\/"},{"@type":"ListItem","position":2,"name":"\u041c\u0430\u0433\u0430\u0437\u0438\u043d","item":"https:\/\/boho.md\/ru\/shop\/"},{"@type":"ListItem","position":3,"name":"Buchet de Trandafiri ro\u015fii 15 buc."}]},{"@type":"WebSite","@id":"https:\/\/boho.md\/#website","url":"https:\/\/boho.md\/","name":"Boho Flower shop","description":"Boho Flower shop","publisher":{"@id":"https:\/\/boho.md\/#organization"},"potentialAction":[{"@type":"SearchAction","target":{"@type":"EntryPoint","urlTemplate":"https:\/\/boho.md\/?s={search_term_string}"},"query-input":{"@type":"PropertyValueSpecification","valueRequired":true,"valueName":"search_term_string"}}],"inLanguage":"ru-RU"},{"@type":"Organization","@id":"https:\/\/boho.md\/#organization","name":"Boho Flower Shop","url":"https:\/\/boho.md\/","logo":{"@type":"ImageObject","inLanguage":"ru-RU","@id":"https:\/\/boho.md\/#\/schema\/logo\/image\/","url":"https:\/\/shop.boho.md\/wp-content\/uploads\/2022\/01\/imageedit_3_6336759980.png","contentUrl":"https:\/\/shop.boho.md\/wp-content\/uploads\/2022\/01\/imageedit_3_6336759980.png","width":497,"height":271,"caption":"Boho Flower Shop"},"image":{"@id":"https:\/\/boho.md\/#\/schema\/logo\/image\/"}}]}},"_links":{"self":[{"href":"https:\/\/boho.md\/ru\/wp-json\/wp\/v2\/product\/7608","targetHints":{"allow":["GET"]}}],"collection":[{"href":"https:\/\/boho.md\/ru\/wp-json\/wp\/v2\/product"}],"about":[{"href":"https:\/\/boho.md\/ru\/wp-json\/wp\/v2\/types\/product"}],"wp:featuredmedia":[{"embeddable":true,"href":"https:\/\/boho.md\/ru\/wp-json\/wp\/v2\/media\/8743"}],"wp:attachment":[{"href":"https:\/\/boho.md\/ru\/wp-json\/wp\/v2\/media?parent=7608"}],"wp:term":[{"taxonomy":"product_cat","embeddable":true,"href":"https:\/\/boho.md\/ru\/wp-json\/wp\/v2\/product_cat?post=7608"},{"taxonomy":"product_tag","embeddable":true,"href":"https:\/\/boho.md\/ru\/wp-json\/wp\/v2\/product_tag?post=7608"}],"curies":[{"name":"wp","href":"https:\/\/api.w.org\/{rel}","templated":true}]}}